{"id":1178,"date":"2024-09-08T21:59:08","date_gmt":"2024-09-09T00:59:08","guid":{"rendered":"https:\/\/bibliotecadelceat.cl\/wpbiblio\/?page_id=1178"},"modified":"2024-09-08T22:05:22","modified_gmt":"2024-09-09T01:05:22","slug":"acerca-de","status":"publish","type":"page","link":"https:\/\/bibliotecadelceat.cl\/wpbiblio\/index.php\/acerca-de\/","title":{"rendered":"Acerca de"},"content":{"rendered":"<p><\/p>\n<h1>Hola.&nbsp;<\/h1>\n<p> <\/p>\n<h3><strong>Bienvenidas y bienvenidos<\/strong>&nbsp;a la Biblioteca Digital del CEAT.<\/h3>\n<p> <\/p>\n<p>Con motivo de los 30 a\u00f1os de la instituci\u00f3n, y despu\u00e9s de diez a\u00f1os con nuestra anterior Biblioteca Digital, presentamos una nueva versi\u00f3n que incluye m\u00e1s novedades y secciones.<\/p>\n<p> <\/p>\n<p>Con la ayuda de nuestro exalumno Bayron Garri Mora, hoy estudiante de Ingenier\u00eda Civil en Inform\u00e1tica de la Universidad del Biob\u00edo, hemos desarrollado este nuevo emprendimiento educativo y cultural con \u00e9nfasis en el fomento de la lectura de todo tipo de textos: literarios, no literarios y audiovisuales.<\/p>\n<p> <\/p>\n<p>Agradecemos la receptividad a las ideas nuevas y la amabilidad tanto de Bayron como de todos los que antes de \u00e9l colaboraron en este proyecto.<\/p>\n<p><\/p>\n\n\n<hr class=\"wp-block-separator has-alpha-channel-opacity\"\/>\n\n\n<p style=\"text-align: center;\"><strong>| Bayron Mora | Lester Aliaga | MatiasLivee |<\/strong><\/p>","protected":false},"excerpt":{"rendered":"<p>Hola.&nbsp; Bienvenidas y bienvenidos&nbsp;a la Biblioteca Digital del CEAT. Con motivo de los 30 a\u00f1os de la instituci\u00f3n, y despu\u00e9s de diez a\u00f1os con nuestra anterior Biblioteca Digital, presentamos una nueva versi\u00f3n que incluye m\u00e1s novedades y secciones. Con la ayuda de nuestro exalumno Bayron Garri Mora, hoy estudiante de Ingenier\u00eda Civil en Inform\u00e1tica de la Universidad del Biob\u00edo, hemos desarrollado este nuevo emprendimiento educativo y cultural con \u00e9nfasis en el fomento de la lectura de todo tipo de textos: literarios, no literarios y audiovisuales. Agradecemos la receptividad a las ideas nuevas y la amabilidad tanto de Bayron como de todos los que antes de \u00e9l colaboraron en este proyecto. | Bayron Mora | Lester Aliaga | MatiasLivee |<\/p>\n","protected":false},"author":1,"featured_media":0,"parent":0,"menu_order":0,"comment_status":"closed","ping_status":"closed","template":"","meta":{"_background_id":0,"_xo_background":[],"ngg_post_thumbnail":0,"footnotes":""},"class_list":["post-1178","page","type-page","status-publish","hentry"],"jetpack_sharing_enabled":true,"_links":{"self":[{"href":"https:\/\/bibliotecadelceat.cl\/wpbiblio\/index.php\/wp-json\/wp\/v2\/pages\/1178","targetHints":{"allow":["GET"]}}],"collection":[{"href":"https:\/\/bibliotecadelceat.cl\/wpbiblio\/index.php\/wp-json\/wp\/v2\/pages"}],"about":[{"href":"https:\/\/bibliotecadelceat.cl\/wpbiblio\/index.php\/wp-json\/wp\/v2\/types\/page"}],"author":[{"embeddable":true,"href":"https:\/\/bibliotecadelceat.cl\/wpbiblio\/index.php\/wp-json\/wp\/v2\/users\/1"}],"replies":[{"embeddable":true,"href":"https:\/\/bibliotecadelceat.cl\/wpbiblio\/index.php\/wp-json\/wp\/v2\/comments?post=1178"}],"version-history":[{"count":3,"href":"https:\/\/bibliotecadelceat.cl\/wpbiblio\/index.php\/wp-json\/wp\/v2\/pages\/1178\/revisions"}],"predecessor-version":[{"id":1183,"href":"https:\/\/bibliotecadelceat.cl\/wpbiblio\/index.php\/wp-json\/wp\/v2\/pages\/1178\/revisions\/1183"}],"wp:attachment":[{"href":"https:\/\/bibliotecadelceat.cl\/wpbiblio\/index.php\/wp-json\/wp\/v2\/media?parent=1178"}],"curies":[{"name":"wp","href":"https:\/\/api.w.org\/{rel}","templated":true}]}}