{"id":258,"date":"2022-11-28T22:09:00","date_gmt":"2022-11-29T01:09:00","guid":{"rendered":"https:\/\/bibliotecadelceat.cl\/wpbiblio\/?page_id=258"},"modified":"2026-04-02T16:43:23","modified_gmt":"2026-04-02T19:43:23","slug":"inicio","status":"publish","type":"page","link":"https:\/\/bibliotecadelceat.cl\/wpbiblio\/","title":{"rendered":"INICIO"},"content":{"rendered":"\t\t<div data-elementor-type=\"wp-page\" data-elementor-id=\"258\" class=\"elementor elementor-258\">\n\t\t\t\t\t\t<section class=\"elementor-section elementor-top-section elementor-element elementor-element-66bbf62 elementor-section-boxed elementor-section-height-default elementor-section-height-default\" data-id=\"66bbf62\" data-element_type=\"section\" data-e-type=\"section\">\n\t\t\t\t\t\t<div class=\"elementor-container elementor-column-gap-default\">\n\t\t\t\t\t<div class=\"elementor-column elementor-col-100 elementor-top-column elementor-element elementor-element-d9d504b\" data-id=\"d9d504b\" data-element_type=\"column\" data-e-type=\"column\">\n\t\t\t<div class=\"elementor-widget-wrap elementor-element-populated\">\n\t\t\t\t\t\t<div class=\"elementor-element elementor-element-0928c9c elementor-widget__width-initial elementor-widget elementor-widget-heading\" data-id=\"0928c9c\" data-element_type=\"widget\" data-e-type=\"widget\" data-widget_type=\"heading.default\">\n\t\t\t\t<div class=\"elementor-widget-container\">\n\t\t\t\t\t<h2 class=\"elementor-heading-title elementor-size-default\">Bienvenidos a la biblioteca del CEAT<\/h2>\t\t\t\t<\/div>\n\t\t\t\t<\/div>\n\t\t\t\t\t<\/div>\n\t\t<\/div>\n\t\t\t\t\t<\/div>\n\t\t<\/section>\n\t\t\t\t<section class=\"elementor-section elementor-top-section elementor-element elementor-element-e20ceec elementor-section-boxed elementor-section-height-default elementor-section-height-default\" data-id=\"e20ceec\" data-element_type=\"section\" data-e-type=\"section\">\n\t\t\t\t\t\t<div class=\"elementor-container elementor-column-gap-default\">\n\t\t\t\t\t<div class=\"elementor-column elementor-col-100 elementor-top-column elementor-element elementor-element-26a3054\" data-id=\"26a3054\" data-element_type=\"column\" data-e-type=\"column\">\n\t\t\t<div class=\"elementor-widget-wrap elementor-element-populated\">\n\t\t\t\t\t\t<div class=\"elementor-element elementor-element-60be843 elementor-widget__width-initial elementor-widget elementor-widget-heading\" data-id=\"60be843\" data-element_type=\"widget\" data-e-type=\"widget\" data-widget_type=\"heading.default\">\n\t\t\t\t<div class=\"elementor-widget-container\">\n\t\t\t\t\t<h2 class=\"elementor-heading-title elementor-size-default\">Ingresa a nuestra radio escolar <\/h2>\t\t\t\t<\/div>\n\t\t\t\t<\/div>\n\t\t\t\t\t<\/div>\n\t\t<\/div>\n\t\t\t\t\t<\/div>\n\t\t<\/section>\n\t\t\t\t<section class=\"elementor-section elementor-top-section elementor-element elementor-element-6ec47a7 elementor-section-boxed elementor-section-height-default elementor-section-height-default\" data-id=\"6ec47a7\" data-element_type=\"section\" data-e-type=\"section\">\n\t\t\t\t\t\t<div class=\"elementor-container elementor-column-gap-default\">\n\t\t\t\t\t<div class=\"elementor-column elementor-col-50 elementor-top-column elementor-element elementor-element-8e7b986\" data-id=\"8e7b986\" data-element_type=\"column\" data-e-type=\"column\">\n\t\t\t<div class=\"elementor-widget-wrap elementor-element-populated\">\n\t\t\t\t\t\t<div class=\"elementor-element elementor-element-f76eb27 elementor-widget__width-initial elementor-widget elementor-widget-image\" data-id=\"f76eb27\" data-element_type=\"widget\" data-e-type=\"widget\" data-widget_type=\"image.default\">\n\t\t\t\t<div class=\"elementor-widget-container\">\n\t\t\t\t\t\t\t\t\t\t\t\t\t\t\t\t<a href=\"https:\/\/www.radioceat.cl\">\n\t\t\t\t\t\t\t<img fetchpriority=\"high\" decoding=\"async\" width=\"500\" height=\"500\" src=\"https:\/\/bibliotecadelceat.cl\/wpbiblio\/wp-content\/uploads\/2025\/11\/Dark-Green-and-Light-Pink-Modern-Creative-Studio-Logo.png\" class=\"attachment-large size-large wp-image-1398\" alt=\"\" srcset=\"https:\/\/bibliotecadelceat.cl\/wpbiblio\/wp-content\/uploads\/2025\/11\/Dark-Green-and-Light-Pink-Modern-Creative-Studio-Logo.png 500w, https:\/\/bibliotecadelceat.cl\/wpbiblio\/wp-content\/uploads\/2025\/11\/Dark-Green-and-Light-Pink-Modern-Creative-Studio-Logo-300x300.png 300w, https:\/\/bibliotecadelceat.cl\/wpbiblio\/wp-content\/uploads\/2025\/11\/Dark-Green-and-Light-Pink-Modern-Creative-Studio-Logo-150x150.png 150w, https:\/\/bibliotecadelceat.cl\/wpbiblio\/wp-content\/uploads\/2025\/11\/Dark-Green-and-Light-Pink-Modern-Creative-Studio-Logo-75x75.png 75w\" sizes=\"(max-width: 500px) 100vw, 500px\" \/>\t\t\t\t\t\t\t\t<\/a>\n\t\t\t\t\t\t\t\t\t\t\t\t\t\t\t<\/div>\n\t\t\t\t<\/div>\n\t\t\t\t\t<\/div>\n\t\t<\/div>\n\t\t\t\t<div class=\"elementor-column elementor-col-50 elementor-top-column elementor-element elementor-element-3408777\" data-id=\"3408777\" data-element_type=\"column\" data-e-type=\"column\">\n\t\t\t<div class=\"elementor-widget-wrap elementor-element-populated\">\n\t\t\t\t\t\t<div class=\"elementor-element elementor-element-4a31a93 elementor-widget__width-initial elementor-widget elementor-widget-heading\" data-id=\"4a31a93\" data-element_type=\"widget\" data-e-type=\"widget\" data-widget_type=\"heading.default\">\n\t\t\t\t<div class=\"elementor-widget-container\">\n\t\t\t\t\t<h2 class=\"elementor-heading-title elementor-size-default\"><p style=\"font-family: Arial, sans-serif;font-size: 15px;font-weight: 300\">Hola, comunidad CEAT!<\/p><p style=\"font-family: Arial, sans-serif;font-size: 15px;font-weight: 300\">Nos alegra compartir con ustedes el lanzamiento de nuestra&nbsp;<span style=\"letter-spacing: -0.2px\">renovada Biblioteca Digital, un espacio pensado para estudiantes, docentes&nbsp;<\/span><span style=\"letter-spacing: -0.2px\">y apoderados, con el objetivo de acercar a\u00fan m\u00e1s la lectura a todos.<\/span><\/p><br><p style=\"font-family: Arial, sans-serif;font-size: 15px;font-weight: 300\"><span style=\"letter-spacing: -0.2px\">&nbsp;<\/span><strong style=\"letter-spacing: -0.2px\">\u00bfQu\u00e9 puedes encontrar?<\/strong><\/p><p style=\"font-family: Arial, sans-serif;font-size: 15px;font-weight: 300\"><strong>Cat\u00e1logo f\u00edsico<\/strong>&nbsp;Una amplia selecci\u00f3n de libros impresos, organizados por categor\u00edas y niveles. \u00a1Perfectos para quienes disfrutan leer en papel!<\/p><p style=\"font-family: Arial, sans-serif;font-size: 15px;font-weight: 300\"><strong>Cat\u00e1logo digital<\/strong>&nbsp;Accede a libros electr\u00f3nicos, audiolibros y otros recursos online, disponibles desde cualquier dispositivo con internet. Ideal para leer en cualquier momento y lugar.<\/p><p style=\"font-family: Arial, sans-serif;font-size: 15px;font-weight: 300\"><strong>Nuestro equipo est\u00e1 aqu\u00ed para ayudarte<\/strong>&nbsp;Si necesitas ayuda para buscar un libro o quieres alguna recomendaci\u00f3n, \u00a1no dudes en escribirnos! a&nbsp;<strong>biblioteca@ceat.cl<\/strong>. Estamos felices de acompa\u00f1arte en tu camino lector.&nbsp;<\/p><br><p style=\"font-family: Arial, sans-serif;font-size: 15px;font-weight: 300\">Explora, descubre y disfruta del mundo de la lectura a trav\u00e9s de nuestra nueva Biblioteca Digital CEAT.<\/p><p style=\"font-family: Arial, sans-serif;font-size: 15px;font-weight: 300\">\u00a1Te esperamos!<\/p><p style=\"font-family: Arial, sans-serif;font-size: 15px;font-weight: 300\"><strong>Cindy Gaete<\/strong><\/p><p style=\"font-family: Arial, sans-serif;font-size: 15px;font-weight: 300\">Coordinadora de Biblioteca CRA<\/p><p style=\"font-family: Arial, sans-serif;font-size: 15px;font-weight: 300\"><strong>Lidia Huincatripay<\/strong><\/p><span style=\"font-family: Arial, sans-serif;font-size: 15px;font-weight: 300;letter-spacing: 0px\">Asistente de Biblioteca<\/span><\/h2>\t\t\t\t<\/div>\n\t\t\t\t<\/div>\n\t\t\t\t\t<\/div>\n\t\t<\/div>\n\t\t\t\t\t<\/div>\n\t\t<\/section>\n\t\t\t\t<section class=\"elementor-section elementor-top-section elementor-element elementor-element-df6b643 elementor-section-boxed elementor-section-height-default elementor-section-height-default\" data-id=\"df6b643\" data-element_type=\"section\" data-e-type=\"section\">\n\t\t\t\t\t\t<div class=\"elementor-container elementor-column-gap-default\">\n\t\t\t\t\t<div class=\"elementor-column elementor-col-50 elementor-top-column elementor-element elementor-element-e4f2465\" data-id=\"e4f2465\" data-element_type=\"column\" data-e-type=\"column\">\n\t\t\t<div class=\"elementor-widget-wrap elementor-element-populated\">\n\t\t\t\t\t\t<div class=\"elementor-element elementor-element-ad01138 elementor-widget__width-initial elementor-widget elementor-widget-heading\" data-id=\"ad01138\" data-element_type=\"widget\" data-e-type=\"widget\" data-widget_type=\"heading.default\">\n\t\t\t\t<div class=\"elementor-widget-container\">\n\t\t\t\t\t<h2 class=\"elementor-heading-title elementor-size-default\">MES DEL LIBRO<\/h2>\t\t\t\t<\/div>\n\t\t\t\t<\/div>\n\t\t\t\t\t<\/div>\n\t\t<\/div>\n\t\t\t\t<div class=\"elementor-column elementor-col-50 elementor-top-column elementor-element elementor-element-3e495d9\" data-id=\"3e495d9\" data-element_type=\"column\" data-e-type=\"column\">\n\t\t\t<div class=\"elementor-widget-wrap\">\n\t\t\t\t\t\t\t<\/div>\n\t\t<\/div>\n\t\t\t\t\t<\/div>\n\t\t<\/section>\n\t\t\t\t<section class=\"elementor-section elementor-top-section elementor-element elementor-element-95891fa elementor-section-boxed elementor-section-height-default elementor-section-height-default\" data-id=\"95891fa\" data-element_type=\"section\" data-e-type=\"section\">\n\t\t\t\t\t\t<div class=\"elementor-container elementor-column-gap-default\">\n\t\t\t\t\t<div class=\"elementor-column elementor-col-100 elementor-top-column elementor-element elementor-element-de2e891\" data-id=\"de2e891\" data-element_type=\"column\" data-e-type=\"column\">\n\t\t\t<div class=\"elementor-widget-wrap\">\n\t\t\t\t\t\t\t<\/div>\n\t\t<\/div>\n\t\t\t\t\t<\/div>\n\t\t<\/section>\n\t\t\t\t<section class=\"elementor-section elementor-top-section elementor-element elementor-element-ef218aa elementor-section-boxed elementor-section-height-default elementor-section-height-default\" data-id=\"ef218aa\" data-element_type=\"section\" data-e-type=\"section\">\n\t\t\t\t\t\t<div class=\"elementor-container elementor-column-gap-default\">\n\t\t\t\t\t<div class=\"elementor-column elementor-col-100 elementor-top-column elementor-element elementor-element-d1ab24a\" data-id=\"d1ab24a\" data-element_type=\"column\" data-e-type=\"column\">\n\t\t\t<div class=\"elementor-widget-wrap elementor-element-populated\">\n\t\t\t\t\t\t<div class=\"elementor-element elementor-element-a4fecd2 elementor-widget__width-initial elementor-widget elementor-widget-text-editor\" data-id=\"a4fecd2\" data-element_type=\"widget\" data-e-type=\"widget\" data-widget_type=\"text-editor.default\">\n\t\t\t\t<div class=\"elementor-widget-container\">\n\t\t\t\t\t\t\t\t\t<h1>Este Mes del Libro lo celebraremos en todos sus formatos. Te invitamos a visitar la p\u00e1gina de <strong data-start=\"157\" data-end=\"169\">LeerFlix<\/strong>, un nuevo espacio de lectura donde encontrar\u00e1s una cartelera variada con textos entretenidos, audiolibros y rese\u00f1as pensadas para ti.<\/h1>\t\t\t\t\t\t\t\t<\/div>\n\t\t\t\t<\/div>\n\t\t\t\t\t<\/div>\n\t\t<\/div>\n\t\t\t\t\t<\/div>\n\t\t<\/section>\n\t\t\t\t<section class=\"elementor-section elementor-top-section elementor-element elementor-element-bcf9931 elementor-section-boxed elementor-section-height-default elementor-section-height-default\" data-id=\"bcf9931\" data-element_type=\"section\" data-e-type=\"section\">\n\t\t\t\t\t\t<div class=\"elementor-container elementor-column-gap-default\">\n\t\t\t\t\t<div class=\"elementor-column elementor-col-100 elementor-top-column elementor-element elementor-element-5049076\" data-id=\"5049076\" data-element_type=\"column\" data-e-type=\"column\">\n\t\t\t<div class=\"elementor-widget-wrap elementor-element-populated\">\n\t\t\t\t\t\t<div class=\"elementor-element elementor-element-834496c elementor-widget__width-initial elementor-widget elementor-widget-button\" data-id=\"834496c\" data-element_type=\"widget\" data-e-type=\"widget\" data-widget_type=\"button.default\">\n\t\t\t\t<div class=\"elementor-widget-container\">\n\t\t\t\t\t\t\t\t\t<div class=\"elementor-button-wrapper\">\n\t\t\t\t\t<a class=\"elementor-button elementor-button-link elementor-size-sm\" href=\"https:\/\/sites.google.com\/ceat.cl\/biblioteca-leerflix\/inicio\">\n\t\t\t\t\t\t<span class=\"elementor-button-content-wrapper\">\n\t\t\t\t\t\t\t\t\t<span class=\"elementor-button-text\">Haz clic aqu\u00ed<\/span>\n\t\t\t\t\t<\/span>\n\t\t\t\t\t<\/a>\n\t\t\t\t<\/div>\n\t\t\t\t\t\t\t\t<\/div>\n\t\t\t\t<\/div>\n\t\t\t\t\t<\/div>\n\t\t<\/div>\n\t\t\t\t\t<\/div>\n\t\t<\/section>\n\t\t\t\t<\/div>\n\t\t","protected":false},"excerpt":{"rendered":"<p>Bienvenidos a la biblioteca del CEAT Ingresa a nuestra radio escolar Hola, comunidad CEAT! Nos alegra compartir con ustedes el lanzamiento de nuestra&nbsp;renovada Biblioteca Digital, un espacio pensado para estudiantes, docentes&nbsp;y apoderados, con el objetivo de acercar a\u00fan m\u00e1s la lectura a todos. &nbsp;\u00bfQu\u00e9 puedes encontrar? Cat\u00e1logo f\u00edsico&nbsp;Una amplia selecci\u00f3n de libros impresos, organizados por categor\u00edas y niveles. \u00a1Perfectos para quienes disfrutan leer en papel! Cat\u00e1logo digital&nbsp;Accede a libros electr\u00f3nicos, audiolibros y otros recursos online, disponibles desde cualquier dispositivo con internet. Ideal para leer en cualquier momento y lugar. Nuestro equipo est\u00e1 aqu\u00ed para ayudarte&nbsp;Si necesitas ayuda para buscar un libro o quieres alguna recomendaci\u00f3n, \u00a1no dudes en escribirnos! a&nbsp;biblioteca@ceat.cl. Estamos felices de acompa\u00f1arte en tu camino lector.&nbsp; Explora, descubre y disfruta del mundo de la lectura a trav\u00e9s de nuestra nueva Biblioteca Digital CEAT. \u00a1Te esperamos! Cindy Gaete Coordinadora de Biblioteca CRA Lidia Huincatripay Asistente de Biblioteca MES DEL LIBRO Este Mes del Libro lo celebraremos en todos sus formatos. Te invitamos a visitar la p\u00e1gina de LeerFlix, un nuevo espacio de lectura donde encontrar\u00e1s una cartelera variada con textos entretenidos, audiolibros y rese\u00f1as pensadas para ti. Haz clic aqu\u00ed<\/p>\n","protected":false},"author":1,"featured_media":0,"parent":915,"menu_order":1,"comment_status":"closed","ping_status":"closed","template":"","meta":{"_background_id":0,"_xo_background":[],"ngg_post_thumbnail":0,"footnotes":""},"class_list":["post-258","page","type-page","status-publish","hentry"],"jetpack_sharing_enabled":true,"_links":{"self":[{"href":"https:\/\/bibliotecadelceat.cl\/wpbiblio\/index.php\/wp-json\/wp\/v2\/pages\/258","targetHints":{"allow":["GET"]}}],"collection":[{"href":"https:\/\/bibliotecadelceat.cl\/wpbiblio\/index.php\/wp-json\/wp\/v2\/pages"}],"about":[{"href":"https:\/\/bibliotecadelceat.cl\/wpbiblio\/index.php\/wp-json\/wp\/v2\/types\/page"}],"author":[{"embeddable":true,"href":"https:\/\/bibliotecadelceat.cl\/wpbiblio\/index.php\/wp-json\/wp\/v2\/users\/1"}],"replies":[{"embeddable":true,"href":"https:\/\/bibliotecadelceat.cl\/wpbiblio\/index.php\/wp-json\/wp\/v2\/comments?post=258"}],"version-history":[{"count":206,"href":"https:\/\/bibliotecadelceat.cl\/wpbiblio\/index.php\/wp-json\/wp\/v2\/pages\/258\/revisions"}],"predecessor-version":[{"id":1429,"href":"https:\/\/bibliotecadelceat.cl\/wpbiblio\/index.php\/wp-json\/wp\/v2\/pages\/258\/revisions\/1429"}],"up":[{"embeddable":true,"href":"https:\/\/bibliotecadelceat.cl\/wpbiblio\/index.php\/wp-json\/wp\/v2\/pages\/915"}],"wp:attachment":[{"href":"https:\/\/bibliotecadelceat.cl\/wpbiblio\/index.php\/wp-json\/wp\/v2\/media?parent=258"}],"curies":[{"name":"wp","href":"https:\/\/api.w.org\/{rel}","templated":true}]}}